{"id":717,"date":"2018-07-02T19:22:00","date_gmt":"2018-07-02T22:22:00","guid":{"rendered":"https:\/\/inescer-cba.infd.edu.ar\/sitio\/profesorado-en-educacion-tecnologica\/"},"modified":"2023-08-21T16:14:26","modified_gmt":"2023-08-21T19:14:26","slug":"profesorado-en-educacion-tecnologica","status":"publish","type":"page","link":"https:\/\/inescer-cba.infd.edu.ar\/sitio\/profesorado-en-educacion-tecnologica\/","title":{"rendered":"Informaci\u00f3n"},"content":{"rendered":"<p><strong>INTRODUCCI\u00d3N<\/strong><\/p>\n<p>El plan de estudios articula los conocimientos relativos a tres n\u00facleos de formaci\u00f3n: pedag\u00f3gica, de las ciencias b\u00e1sicas y de las disciplinas tecnol\u00f3gicas; de esta manera, se propone formar profesionales docentes altamente capacitados en lo conceptual, procedimental y actitudinal para satisfacer las exigencias de la ense\u00f1anza de la tecnolog\u00eda en los niveles primario y secundario.<\/p>\n<p>Los profesionales formados ser\u00e1n docentes preparados para guiar a los alumnos en el conocimiento y comprensi\u00f3n del mundo artificial, vincul\u00e1ndolos reflexivamente con ese mundo. Adem\u00e1s, ser\u00e1n competentes para promover la capacidad creadora y orientar en la concreci\u00f3n de soluciones viables para los problemas y demandas de la vida cotidiana.<\/p>\n<p><strong>Duraci\u00f3n:<\/strong> 4 <strong>a\u00f1os.<\/strong><\/p>\n<p><strong>PERFIL PROFESIONAL DEL EGRESADO:<\/strong><\/p>\n<p>El Profesor de Educaci\u00f3n Tecnol\u00f3gica dispondr\u00e1 de conocimientos relativos a tres nucleos de formaci\u00f3n: pedag\u00f3gico, ciencias b\u00e1sicas y de las disciplinas tecnol\u00f3gicas, por lo que desarrollar\u00e1 en su formaci\u00f3n, entre otras, competencias para:<\/p>\n<ul>\n<li>Percibir nexos entre procedimientos y resultados, resolver situaciones problem\u00e1ticas, transformar ideas en procedimientos, generar estrategias personales de soluci\u00f3n de problemas; entre otras.<\/li>\n<li>Utilizar herramientas, explorar y desentra\u00f1ar dispsitivos y ar, aplicando el enfoque sistemico en situaciones concretas.<\/li>\n<li>Planificar, ejecutar estructuras de dise\u00f1os de resoluci\u00f3n pedag\u00f3gica&nbsp; y propuestas de proyectos did\u00e1cticas para la educaci\u00f3n tecnol\u00f3gica dirigida a los niveles Inicial, Primario y Educaci\u00f3n General B\u00e1sica.<\/li>\n<\/ul>\n","protected":false},"excerpt":{"rendered":"<p>INTRODUCCI\u00d3N El plan de estudios articula los conocimientos relativos a tres n\u00facleos de formaci\u00f3n: pedag\u00f3gica, de las ciencias b\u00e1sicas y de las disciplinas tecnol\u00f3gicas; de esta manera, se propone formar profesionales docentes altamente capacitados en lo conceptual, procedimental y actitudinal para satisfacer las exigencias de la ense\u00f1anza de la tecnolog\u00eda en los niveles primario y &#8230; <a title=\"Informaci\u00f3n\" class=\"read-more\" href=\"https:\/\/inescer-cba.infd.edu.ar\/sitio\/profesorado-en-educacion-tecnologica\/\" aria-label=\"More on Informaci\u00f3n\">[+]<\/a><\/p>\n","protected":false},"author":9,"featured_media":0,"parent":0,"menu_order":0,"comment_status":"closed","ping_status":"closed","template":"","meta":[],"acf":[],"_links":{"self":[{"href":"https:\/\/inescer-cba.infd.edu.ar\/sitio\/wp-json\/wp\/v2\/pages\/717"}],"collection":[{"href":"https:\/\/inescer-cba.infd.edu.ar\/sitio\/wp-json\/wp\/v2\/pages"}],"about":[{"href":"https:\/\/inescer-cba.infd.edu.ar\/sitio\/wp-json\/wp\/v2\/types\/page"}],"author":[{"embeddable":true,"href":"https:\/\/inescer-cba.infd.edu.ar\/sitio\/wp-json\/wp\/v2\/users\/9"}],"replies":[{"embeddable":true,"href":"https:\/\/inescer-cba.infd.edu.ar\/sitio\/wp-json\/wp\/v2\/comments?post=717"}],"version-history":[{"count":2,"href":"https:\/\/inescer-cba.infd.edu.ar\/sitio\/wp-json\/wp\/v2\/pages\/717\/revisions"}],"predecessor-version":[{"id":942,"href":"https:\/\/inescer-cba.infd.edu.ar\/sitio\/wp-json\/wp\/v2\/pages\/717\/revisions\/942"}],"wp:attachment":[{"href":"https:\/\/inescer-cba.infd.edu.ar\/sitio\/wp-json\/wp\/v2\/media?parent=717"}],"curies":[{"name":"wp","href":"https:\/\/api.w.org\/{rel}","templated":true}]}}