{"id":735,"date":"2018-07-02T19:22:09","date_gmt":"2018-07-02T22:22:09","guid":{"rendered":"https:\/\/inescer-cba.infd.edu.ar\/sitio\/datos-institucionales\/"},"modified":"2023-08-21T12:41:56","modified_gmt":"2023-08-21T15:41:56","slug":"datos-institucionales","status":"publish","type":"page","link":"https:\/\/inescer-cba.infd.edu.ar\/sitio\/datos-institucionales\/","title":{"rendered":"Datos institucionales"},"content":{"rendered":"<ul>\n<li><span style=\"font-size: 10pt; font-family: verdana;\"><strong>Nombre completo:<\/strong> IESCER Instituto Superior del Centro de la Rep\u00fablica Dr. \u00c1ngel Diego M\u00e1rquez <\/span><\/li>\n<li><span style=\"font-size: 10pt; font-family: verdana;\"><strong>Horarios de atenci\u00f3n:<\/strong>13.00 a 21.00 Hs <\/span><\/li>\n<li><span style=\"font-size: 10pt; font-family: verdana;\"><strong>Direcci\u00f3n:<\/strong> Bv. Espa\u00f1a 1098 &#8211; Villa Mar\u00eda &#8211; C\u00f3rdoba <\/span><\/li>\n<li><span style=\"font-size: 10pt; font-family: verdana;\"><strong>Tel\u00e9fonos:<\/strong> 0353 &#8211; 4619141\u00a0 <\/span><\/li>\n<li><span style=\"font-size: 10pt; font-family: verdana;\"><strong>E-mail:<\/strong> inescerestudiantil2020@gmail.com <\/span><\/li>\n<\/ul>\n<pre><strong><span style=\"font-size: 10pt; font-family: verdana;\">URL: <\/span><\/strong><a>http:\/\/inescer.cba.infd.edu.ar\/sitio\/<\/a><\/pre>\n","protected":false},"excerpt":{"rendered":"<p>Nombre completo: IESCER Instituto Superior del Centro de la Rep\u00fablica Dr. \u00c1ngel Diego M\u00e1rquez Horarios de atenci\u00f3n:13.00 a 21.00 Hs Direcci\u00f3n: Bv. Espa\u00f1a 1098 &#8211; Villa Mar\u00eda &#8211; C\u00f3rdoba Tel\u00e9fonos: 0353 &#8211; 4619141\u00a0 E-mail: inescerestudiantil2020@gmail.com URL: http:\/\/inescer.cba.infd.edu.ar\/sitio\/<\/p>\n","protected":false},"author":9,"featured_media":887,"parent":0,"menu_order":0,"comment_status":"closed","ping_status":"closed","template":"","meta":[],"acf":[],"_links":{"self":[{"href":"https:\/\/inescer-cba.infd.edu.ar\/sitio\/wp-json\/wp\/v2\/pages\/735"}],"collection":[{"href":"https:\/\/inescer-cba.infd.edu.ar\/sitio\/wp-json\/wp\/v2\/pages"}],"about":[{"href":"https:\/\/inescer-cba.infd.edu.ar\/sitio\/wp-json\/wp\/v2\/types\/page"}],"author":[{"embeddable":true,"href":"https:\/\/inescer-cba.infd.edu.ar\/sitio\/wp-json\/wp\/v2\/users\/9"}],"replies":[{"embeddable":true,"href":"https:\/\/inescer-cba.infd.edu.ar\/sitio\/wp-json\/wp\/v2\/comments?post=735"}],"version-history":[{"count":14,"href":"https:\/\/inescer-cba.infd.edu.ar\/sitio\/wp-json\/wp\/v2\/pages\/735\/revisions"}],"predecessor-version":[{"id":888,"href":"https:\/\/inescer-cba.infd.edu.ar\/sitio\/wp-json\/wp\/v2\/pages\/735\/revisions\/888"}],"wp:featuredmedia":[{"embeddable":true,"href":"https:\/\/inescer-cba.infd.edu.ar\/sitio\/wp-json\/wp\/v2\/media\/887"}],"wp:attachment":[{"href":"https:\/\/inescer-cba.infd.edu.ar\/sitio\/wp-json\/wp\/v2\/media?parent=735"}],"curies":[{"name":"wp","href":"https:\/\/api.w.org\/{rel}","templated":true}]}}