{"id":737,"date":"2018-07-10T12:43:50","date_gmt":"2018-07-10T15:43:50","guid":{"rendered":"https:\/\/inescer-cba.infd.edu.ar\/sitio\/?page_id=737"},"modified":"2023-08-21T16:16:15","modified_gmt":"2023-08-21T19:16:15","slug":"docentes","status":"publish","type":"page","link":"https:\/\/inescer-cba.infd.edu.ar\/sitio\/docentes\/","title":{"rendered":"Materias y Docentes"},"content":{"rendered":"<table style=\"border: 1px solid #5090b0; width: 90%;\" border=\"1\" cellspacing=\"0\" cellpadding=\"0\" align=\"center\">\n<tbody>\n<tr align=\"center\" valign=\"middle\">\n<td style=\"width: 45%; height: 20px; background-color: #ddeaf0; border: 1px solid #5090b0; text-align: center;\" align=\"center\" valign=\"middle\"><span style=\"font-size: 10pt; color: #000000;\"><span style=\"font-family: verdana,geneva;\"><strong>Espacio Curricular (Materia)<\/strong><\/span><\/span><\/td>\n<td style=\"width: 45%; height: 20px; background-color: #ddeaf0; border: 1px solid #5090b0; text-align: center;\" align=\"center\" valign=\"middle\"><span style=\"font-size: 10pt;\"><span style=\"color: #3e748e; font-family: verdana,geneva;\"><strong><span style=\"color: #000000;\">Docente<\/span>\u00a0<\/strong><\/span><\/span><\/td>\n<\/tr>\n<tr align=\"center\" valign=\"middle\">\n<td style=\"width: 45%; height: 20px; border: 1px solid #5090b0; text-align: center;\" align=\"center\" valign=\"middle\"><span style=\"font-size: 10pt; font-family: verdana,geneva;\"><span style=\"font-size: 10pt; font-family: Verdana;\">Pedagog\u00eda<\/span><\/span><\/td>\n<td style=\"width: 45%; height: 20px; border: 1px solid #5090b0; text-align: center;\" align=\"center\" valign=\"middle\"><span style=\"font-size: 10pt; font-family: verdana,geneva;\">Silvia Paredes<\/span><\/td>\n<\/tr>\n<tr>\n<td style=\"width: 45%; height: 20px; border: 1px solid #5090b0; text-align: center;\" align=\"center\" valign=\"middle\"><span style=\"font-size: 10pt; font-family: verdana,geneva;\">Pr\u00e1ctica Docente I <\/span><\/td>\n<td style=\"width: 45%; height: 20px; border: 1px solid #5090b0; text-align: center;\" align=\"center\" valign=\"middle\"><span style=\"font-size: 10pt; font-family: verdana,geneva;\">Diego Villafa\u00f1e\u00a0<\/span><\/td>\n<\/tr>\n<tr>\n<td style=\"width: 45%; height: 20px; border: 1px solid #5090b0; text-align: center;\" align=\"center\" valign=\"middle\"><span style=\"font-size: 10pt; font-family: verdana,geneva;\">F\u00edsica I <\/span><\/td>\n<td style=\"width: 45%; height: 20px; border: 1px solid #5090b0; text-align: center;\" align=\"center\" valign=\"middle\"><span style=\"font-size: 10pt; font-family: verdana,geneva;\">Hugo Monje\u00a0<\/span><\/td>\n<\/tr>\n<tr>\n<td style=\"width: 45%; height: 20px; border: 1px solid #5090b0; text-align: center;\" align=\"center\" valign=\"middle\"><span style=\"font-size: 10pt; font-family: verdana,geneva;\">Lectura y Escritura Acad\u00e9mica<\/span><\/td>\n<td style=\"width: 45%; height: 20px; border: 1px solid #5090b0; text-align: center;\" align=\"center\" valign=\"middle\"><span style=\"font-size: 10pt; font-family: verdana,geneva;\">Fabiana Giachero\u00a0<\/span><\/td>\n<\/tr>\n<tr>\n<td style=\"width: 45%; height: 20px; border: 1px solid #5090b0; text-align: center;\" align=\"center\" valign=\"middle\"><span style=\"font-size: 10pt; font-family: verdana,geneva;\">Sujetos de la Educaci\u00f3n y Convivencia Escolar\u00a0<\/span><\/td>\n<td style=\"width: 45%; height: 20px; border: 1px solid #5090b0; text-align: center;\" align=\"center\" valign=\"middle\"><span style=\"font-size: 10pt; font-family: verdana,geneva;\">Mariana Aimino\u00a0<\/span><\/td>\n<\/tr>\n<tr>\n<td style=\"width: 45%; height: 20px; border: 1px solid #5090b0; text-align: center;\" align=\"center\" valign=\"middle\"><span style=\"font-size: 10pt; font-family: verdana,geneva;\">Psicolog\u00eda y Educaci\u00f3n \u00a0<\/span><\/td>\n<td style=\"width: 45%; height: 20px; border: 1px solid #5090b0; text-align: center;\" align=\"center\" valign=\"middle\"><span style=\"font-size: 10pt; font-family: verdana,geneva;\">Sonia Piagenti\u00a0<\/span><\/td>\n<\/tr>\n<tr>\n<td style=\"width: 45%; height: 20px; border: 1px solid #5090b0; text-align: center;\" align=\"center\" valign=\"middle\"><span style=\"font-size: 10pt; font-family: verdana,geneva;\">Estrategias de Comunicaci\u00f3n Digital<\/span><\/td>\n<td style=\"width: 45%; height: 20px; border: 1px solid #5090b0; text-align: center;\" align=\"center\" valign=\"middle\"><span style=\"font-size: 10pt; font-family: verdana,geneva;\">Carolina Montes\u00a0<\/span><\/td>\n<\/tr>\n<tr>\n<td style=\"width: 45%; height: 20px; border: 1px solid #5090b0; text-align: center;\" align=\"center\" valign=\"middle\"><span style=\"font-size: 10pt; font-family: verdana,geneva;\">Lenguaje Digital y Audiovisual\u00a0<\/span><\/td>\n<td style=\"width: 45%; height: 20px; border: 1px solid #5090b0; text-align: center;\" align=\"center\" valign=\"middle\"><span style=\"font-size: 10pt; font-family: verdana,geneva;\">Claudia Ceballos\u00a0<\/span><\/td>\n<\/tr>\n<tr>\n<td style=\"width: 45%; height: 20px; border: #5090b0 1px solid;\" align=\"center\" valign=\"middle\"><span style=\"font-size: 10pt; font-family: verdana,geneva;\">\u00a0<\/span><\/td>\n<td style=\"width: 45%; height: 20px; border: #5090b0 1px solid;\" align=\"center\" valign=\"middle\"><span style=\"font-size: 10pt; font-family: verdana,geneva;\">\u00a0<\/span><\/td>\n<\/tr>\n<tr>\n<td style=\"width: 45%; height: 20px; border: #5090b0 1px solid;\" align=\"center\" valign=\"middle\"><span style=\"font-size: 10pt; font-family: verdana,geneva;\">\u00a0<\/span><\/td>\n<td style=\"width: 45%; height: 20px; border: #5090b0 1px solid;\" align=\"center\" valign=\"middle\"><span style=\"font-size: 10pt; font-family: verdana,geneva;\">\u00a0<\/span><\/td>\n<\/tr>\n<tr>\n<td style=\"width: 45%; height: 20px; border: #5090b0 1px solid;\" align=\"center\" valign=\"middle\"><span style=\"font-size: 10pt; font-family: verdana,geneva;\">\u00a0<\/span><\/td>\n<td style=\"width: 45%; height: 20px; border: #5090b0 1px solid;\" align=\"center\" valign=\"middle\"><span style=\"font-size: 10pt; font-family: verdana,geneva;\">\u00a0<\/span><\/td>\n<\/tr>\n<tr>\n<td style=\"width: 45%; height: 20px; border: #5090b0 1px solid;\" align=\"center\" valign=\"middle\"><span style=\"font-size: 10pt; font-family: verdana,geneva;\">\u00a0<\/span><\/td>\n<td style=\"width: 45%; height: 20px; border: #5090b0 1px solid;\" align=\"center\" valign=\"middle\"><span style=\"font-size: 10pt; font-family: verdana,geneva;\">\u00a0<\/span><\/td>\n<\/tr>\n<tr>\n<td style=\"width: 45%; height: 20px; border: #5090b0 1px solid;\" align=\"center\" valign=\"middle\"><span style=\"font-size: 10pt; font-family: verdana,geneva;\">\u00a0<\/span><\/td>\n<td style=\"width: 45%; height: 20px; border: #5090b0 1px solid;\" align=\"center\" valign=\"middle\"><\/td>\n<\/tr>\n<tr>\n<td style=\"width: 45%; height: 20px; border: #5090b0 1px solid;\" align=\"center\" valign=\"middle\"><\/td>\n<td style=\"width: 45%; height: 20px; border: #5090b0 1px solid;\" align=\"center\" valign=\"middle\"><\/td>\n<\/tr>\n<tr>\n<td style=\"width: 45%; height: 20px; border: #5090b0 1px solid;\" align=\"center\" valign=\"middle\"><\/td>\n<td style=\"width: 45%; height: 20px; border: #5090b0 1px solid;\" align=\"center\" valign=\"middle\"><\/td>\n<\/tr>\n<tr>\n<td style=\"width: 45%; height: 20px; border: #5090b0 1px solid;\" align=\"center\" valign=\"middle\"><\/td>\n<td style=\"width: 45%; height: 20px; border: #5090b0 1px solid;\" align=\"center\" valign=\"middle\"><\/td>\n<\/tr>\n<tr>\n<td style=\"width: 45%; height: 20px; border: #5090b0 1px solid;\" align=\"center\" valign=\"middle\"><\/td>\n<td style=\"width: 45%; height: 20px; border: #5090b0 1px solid;\" align=\"center\" valign=\"middle\"><\/td>\n<\/tr>\n<tr>\n<td style=\"width: 45%; height: 20px; border: #5090b0 1px solid;\" align=\"center\" valign=\"middle\"><\/td>\n<td style=\"width: 45%; height: 20px; border: #5090b0 1px solid;\" align=\"center\" valign=\"middle\"><\/td>\n<\/tr>\n<tr>\n<td style=\"width: 45%; height: 20px; border: #5090b0 1px solid;\" align=\"center\" valign=\"middle\"><\/td>\n<td style=\"width: 45%; height: 20px; border: #5090b0 1px solid;\" align=\"center\" valign=\"middle\"><\/td>\n<\/tr>\n<tr>\n<td style=\"width: 45%; height: 20px; border: #5090b0 1px solid;\" align=\"center\" valign=\"middle\"><\/td>\n<td style=\"width: 45%; height: 20px; border: #5090b0 1px solid;\" align=\"center\" valign=\"middle\"><\/td>\n<\/tr>\n<tr>\n<td style=\"width: 45%; height: 20px; border: #5090b0 1px solid;\" align=\"center\" valign=\"middle\"><\/td>\n<td style=\"width: 45%; height: 20px; border: #5090b0 1px solid;\" align=\"center\" valign=\"middle\"><\/td>\n<\/tr>\n<\/tbody>\n<\/table>\n","protected":false},"excerpt":{"rendered":"<p>Espacio Curricular (Materia) Docente\u00a0 Pedagog\u00eda Silvia Paredes Pr\u00e1ctica Docente I Diego Villafa\u00f1e\u00a0 F\u00edsica I Hugo Monje\u00a0 Lectura y Escritura Acad\u00e9mica Fabiana Giachero\u00a0 Sujetos de la Educaci\u00f3n y Convivencia Escolar\u00a0 Mariana Aimino\u00a0 Psicolog\u00eda y Educaci\u00f3n \u00a0 Sonia Piagenti\u00a0 Estrategias de Comunicaci\u00f3n Digital Carolina Montes\u00a0 Lenguaje Digital y Audiovisual\u00a0 Claudia Ceballos\u00a0 \u00a0 \u00a0 \u00a0 \u00a0 \u00a0 \u00a0 &#8230; <a title=\"Materias y Docentes\" class=\"read-more\" href=\"https:\/\/inescer-cba.infd.edu.ar\/sitio\/docentes\/\" aria-label=\"More on Materias y Docentes\">[+]<\/a><\/p>\n","protected":false},"author":9,"featured_media":0,"parent":0,"menu_order":0,"comment_status":"closed","ping_status":"closed","template":"","meta":[],"acf":[],"_links":{"self":[{"href":"https:\/\/inescer-cba.infd.edu.ar\/sitio\/wp-json\/wp\/v2\/pages\/737"}],"collection":[{"href":"https:\/\/inescer-cba.infd.edu.ar\/sitio\/wp-json\/wp\/v2\/pages"}],"about":[{"href":"https:\/\/inescer-cba.infd.edu.ar\/sitio\/wp-json\/wp\/v2\/types\/page"}],"author":[{"embeddable":true,"href":"https:\/\/inescer-cba.infd.edu.ar\/sitio\/wp-json\/wp\/v2\/users\/9"}],"replies":[{"embeddable":true,"href":"https:\/\/inescer-cba.infd.edu.ar\/sitio\/wp-json\/wp\/v2\/comments?post=737"}],"version-history":[{"count":9,"href":"https:\/\/inescer-cba.infd.edu.ar\/sitio\/wp-json\/wp\/v2\/pages\/737\/revisions"}],"predecessor-version":[{"id":946,"href":"https:\/\/inescer-cba.infd.edu.ar\/sitio\/wp-json\/wp\/v2\/pages\/737\/revisions\/946"}],"wp:attachment":[{"href":"https:\/\/inescer-cba.infd.edu.ar\/sitio\/wp-json\/wp\/v2\/media?parent=737"}],"curies":[{"name":"wp","href":"https:\/\/api.w.org\/{rel}","templated":true}]}}