{"id":746,"date":"2018-07-02T19:22:14","date_gmt":"2018-07-02T22:22:14","guid":{"rendered":"https:\/\/inescer-cba.infd.edu.ar\/sitio\/ubicacion\/"},"modified":"2023-08-21T11:39:05","modified_gmt":"2023-08-21T14:39:05","slug":"ubicacion","status":"publish","type":"page","link":"https:\/\/inescer-cba.infd.edu.ar\/sitio\/ubicacion\/","title":{"rendered":"Ubicaci\u00f3n"},"content":{"rendered":"<p style=\"text-align: justify;\">El Instituto esta ubicado en zona c\u00e9ntrica de la ciudad de Villa Mar\u00eda, de la provincia de C\u00f3rdoba. En concreto la direcci\u00f3n del mismo es Bv. Espa\u00f1a 1098, entre la calle Rawson y De\u00e1n Funes\u00a0 en dicha ciudad.<\/p>\n<p style=\"text-align: justify;\">Villa Mar\u00eda es punto neur\u00e1lgico del desarrollo econ\u00f3mico del interior del pa\u00eds ya que la atraviesan las principales v\u00edas de comunicaci\u00f3n como las rutas nacionales 9 (C\u00f3rdoba &#8211; Buenos Aires) y 158, la ruta que une el MERCOSUR. Adem\u00e1s est\u00e1 vinculada con la ciudad de C\u00f3rdoba de modo directo por la flamante Autopista 9. La ciudad es una de las principales cuencas lecheras de pa\u00eds y sede de importantes industrias agropecuarias, metalmec\u00e1nicas, alimenticias y tecnol\u00f3gicas. Adem\u00e1s su ubicaci\u00f3n estrat\u00e9gica y su amplia oferta acad\u00e9mica hacen de Villa Mar\u00eda un nodo mediterr\u00e1neo de acceso a la formaci\u00f3n y al conocimiento para los j\u00f3venes del centro del pa\u00eds.<\/p>\n<p style=\"text-align: justify;\">La ciudad combina imponentes edificios que conservan sus valores arquitect\u00f3nicos y culturales con un importante crecimiento de modernas construcciones como la Biblioteca y Medioteca Municipal \u00abMariano Moreno\u00bb, torres de edificios habitacionales y el paso del subnivel que une la ciudad, en su coraz\u00f3n mismo, bajo las v\u00edas del Ferrocarril. Sobre la margen del r\u00edo Ctalamuchita se extiende una extensa costanera de m\u00e1s de 16 km centro de esparcimiento de la ciudad, sus amplios espacios verdes, sus playas con fina arena y su lago son un recorrido atractivo para quienes la visitan. El imponente anfiteatro y sus espacios aleda\u00f1os son una postal de Villa Mar\u00eda.<\/p>\n<p style=\"text-align: justify;\">\n","protected":false},"excerpt":{"rendered":"<p>El Instituto esta ubicado en zona c\u00e9ntrica de la ciudad de Villa Mar\u00eda, de la provincia de C\u00f3rdoba. En concreto la direcci\u00f3n del mismo es Bv. Espa\u00f1a 1098, entre la calle Rawson y De\u00e1n Funes\u00a0 en dicha ciudad. Villa Mar\u00eda es punto neur\u00e1lgico del desarrollo econ\u00f3mico del interior del pa\u00eds ya que la atraviesan las &#8230; <a title=\"Ubicaci\u00f3n\" class=\"read-more\" href=\"https:\/\/inescer-cba.infd.edu.ar\/sitio\/ubicacion\/\" aria-label=\"More on Ubicaci\u00f3n\">[+]<\/a><\/p>\n","protected":false},"author":9,"featured_media":0,"parent":0,"menu_order":0,"comment_status":"closed","ping_status":"closed","template":"","meta":[],"acf":[],"_links":{"self":[{"href":"https:\/\/inescer-cba.infd.edu.ar\/sitio\/wp-json\/wp\/v2\/pages\/746"}],"collection":[{"href":"https:\/\/inescer-cba.infd.edu.ar\/sitio\/wp-json\/wp\/v2\/pages"}],"about":[{"href":"https:\/\/inescer-cba.infd.edu.ar\/sitio\/wp-json\/wp\/v2\/types\/page"}],"author":[{"embeddable":true,"href":"https:\/\/inescer-cba.infd.edu.ar\/sitio\/wp-json\/wp\/v2\/users\/9"}],"replies":[{"embeddable":true,"href":"https:\/\/inescer-cba.infd.edu.ar\/sitio\/wp-json\/wp\/v2\/comments?post=746"}],"version-history":[{"count":5,"href":"https:\/\/inescer-cba.infd.edu.ar\/sitio\/wp-json\/wp\/v2\/pages\/746\/revisions"}],"predecessor-version":[{"id":876,"href":"https:\/\/inescer-cba.infd.edu.ar\/sitio\/wp-json\/wp\/v2\/pages\/746\/revisions\/876"}],"wp:attachment":[{"href":"https:\/\/inescer-cba.infd.edu.ar\/sitio\/wp-json\/wp\/v2\/media?parent=746"}],"curies":[{"name":"wp","href":"https:\/\/api.w.org\/{rel}","templated":true}]}}